{"id":40198,"date":"2025-04-21T16:11:37","date_gmt":"2025-04-21T16:11:37","guid":{"rendered":"http:\/\/finepro.rs\/?page_id=40198"},"modified":"2025-07-07T10:57:20","modified_gmt":"2025-07-07T10:57:20","slug":"menadzment-vasih-nekretnina-na-airbnb-i-booking-com","status":"publish","type":"page","link":"https:\/\/finepro.rs\/","title":{"rendered":"Menad\u017ement Va\u0161ih nekretnina na Airbnb i Booking.com"},"content":{"rendered":"\t\t<div data-elementor-type=\"wp-page\" data-elementor-id=\"40198\" class=\"elementor elementor-40198\">\n\t\t\t\t<div class=\"elementor-element elementor-element-68a63cd e-con-full e-flex e-con e-parent\" data-id=\"68a63cd\" data-element_type=\"container\" data-e-type=\"container\">\n\t\t\t\t<div class=\"elementor-element elementor-element-15c49c0 elementor-widget elementor-widget-spacer\" data-id=\"15c49c0\" data-element_type=\"widget\" data-e-type=\"widget\" data-widget_type=\"spacer.default\">\n\t\t\t\t<div class=\"elementor-widget-container\">\n\t\t\t\t\t\t\t<div class=\"elementor-spacer\">\n\t\t\t<div class=\"elementor-spacer-inner\"><\/div>\n\t\t<\/div>\n\t\t\t\t\t\t<\/div>\n\t\t\t\t<\/div>\n\t\t\t\t<div class=\"elementor-element elementor-element-a960642 elementor-widget elementor-widget-image\" data-id=\"a960642\" data-element_type=\"widget\" data-e-type=\"widget\" data-widget_type=\"image.default\">\n\t\t\t\t<div class=\"elementor-widget-container\">\n\t\t\t\t\t\t\t\t\t\t\t\t\t\t\t<img fetchpriority=\"high\" decoding=\"async\" width=\"300\" height=\"300\" src=\"http:\/\/finepro.rs\/wp-content\/uploads\/2025\/03\/no_padding-300x300.png\" class=\"attachment-medium size-medium wp-image-40194\" alt=\"\" srcset=\"http:\/\/finepro.rs\/wp-content\/uploads\/2025\/03\/no_padding-300x300.png 300w, http:\/\/finepro.rs\/wp-content\/uploads\/2025\/03\/no_padding-1024x1024.png 1024w, http:\/\/finepro.rs\/wp-content\/uploads\/2025\/03\/no_padding-150x150.png 150w, http:\/\/finepro.rs\/wp-content\/uploads\/2025\/03\/no_padding-768x768.png 768w, http:\/\/finepro.rs\/wp-content\/uploads\/2025\/03\/no_padding-1536x1536.png 1536w, http:\/\/finepro.rs\/wp-content\/uploads\/2025\/03\/no_padding-2048x2048.png 2048w, http:\/\/finepro.rs\/wp-content\/uploads\/2025\/03\/no_padding-60x60.png 60w\" sizes=\"(max-width: 300px) 100vw, 300px\" \/>\t\t\t\t\t\t\t\t\t\t\t\t\t\t\t<\/div>\n\t\t\t\t<\/div>\n\t\t\t\t<div class=\"elementor-element elementor-element-e1a2667 elementor-widget elementor-widget-heading\" data-id=\"e1a2667\" data-element_type=\"widget\" data-e-type=\"widget\" data-widget_type=\"heading.default\">\n\t\t\t\t<div class=\"elementor-widget-container\">\n\t\t\t\t\t<h4 class=\"elementor-heading-title elementor-size-default\">Upravljanje apartmanima<br><\/h4>\t\t\t\t<\/div>\n\t\t\t\t<\/div>\n\t\t\t\t<div class=\"elementor-element elementor-element-1d01055 elementor-widget elementor-widget-heading\" data-id=\"1d01055\" data-element_type=\"widget\" data-e-type=\"widget\" data-widget_type=\"heading.default\">\n\t\t\t\t<div class=\"elementor-widget-container\">\n\t\t\t\t\t<h4 class=\"elementor-heading-title elementor-size-default\">Airbnb  Booking.com  VRBO<br><\/h4>\t\t\t\t<\/div>\n\t\t\t\t<\/div>\n\t\t\t\t<div class=\"elementor-element elementor-element-badc560 elementor-widget elementor-widget-heading\" data-id=\"badc560\" data-element_type=\"widget\" data-e-type=\"widget\" data-widget_type=\"heading.default\">\n\t\t\t\t<div class=\"elementor-widget-container\">\n\t\t\t\t\t<h4 class=\"elementor-heading-title elementor-size-default\">Beograd<br>Novi Sad<br>Budimpe\u0161ta<br><\/h4>\t\t\t\t<\/div>\n\t\t\t\t<\/div>\n\t\t\t\t<div class=\"elementor-element elementor-element-d6ee6a4 elementor-widget elementor-widget-heading\" data-id=\"d6ee6a4\" data-element_type=\"widget\" data-e-type=\"widget\" data-widget_type=\"heading.default\">\n\t\t\t\t<div class=\"elementor-widget-container\">\n\t\t\t\t\t<h1 class=\"elementor-heading-title elementor-size-default\">(\"stan na dan\" za turiste)<br><\/h1>\t\t\t\t<\/div>\n\t\t\t\t<\/div>\n\t\t\t\t<div class=\"elementor-element elementor-element-d9f13b2 elementor-widget elementor-widget-heading\" data-id=\"d9f13b2\" data-element_type=\"widget\" data-e-type=\"widget\" data-widget_type=\"heading.default\">\n\t\t\t\t<div class=\"elementor-widget-container\">\n\t\t\t\t\t<h2 class=\"elementor-heading-title elementor-size-default\"><a href=\"http:\/\/filinhome.com\" target=\"_blank\"><span style=\"font-weight: normal\">Zapo\u010dnite saradnju sa Finepro Group timom \u2013 operaterom poznatog lanca apartmana <u>FilinHome | Suites &amp; Rooms<\/u><\/span><\/a><\/h2>\t\t\t\t<\/div>\n\t\t\t\t<\/div>\n\t\t\t\t<div class=\"elementor-element elementor-element-c1944a7 elementor-widget elementor-widget-heading\" data-id=\"c1944a7\" data-element_type=\"widget\" data-e-type=\"widget\" data-widget_type=\"heading.default\">\n\t\t\t\t<div class=\"elementor-widget-container\">\n\t\t\t\t\t<h2 class=\"elementor-heading-title elementor-size-default\"><span style=\"font-weight: normal\">Od 2016. u<\/span><span style=\"font-weight: normal\">pravljamo desetinama nekretnina  u Srbiji i Ma\u0111arskoj<\/span><\/h2>\t\t\t\t<\/div>\n\t\t\t\t<\/div>\n\t\t\t\t<div class=\"elementor-element elementor-element-9f61aa2 elementor-widget elementor-widget-heading\" data-id=\"9f61aa2\" data-element_type=\"widget\" data-e-type=\"widget\" data-widget_type=\"heading.default\">\n\t\t\t\t<div class=\"elementor-widget-container\">\n\t\t\t\t\t<h2 class=\"elementor-heading-title elementor-size-default\"><span style=\"font-weight: normal\">Zatra\u017eite personalizovanu procenu Va\u0161eg prihoda <\/span><br><span style=\"font-weight: normal\">porukom na <u>info@finepro.rs<\/u> <\/span><br><span style=\"font-weight: normal\">ili nas pozovite \n<u>+381 69 226 9909<\/u> (Telefon, WhatsApp)<\/span><\/h2>\t\t\t\t<\/div>\n\t\t\t\t<\/div>\n\t\t\t\t<div class=\"elementor-element elementor-element-9d4a944 elementor-widget elementor-widget-spacer\" data-id=\"9d4a944\" data-element_type=\"widget\" data-e-type=\"widget\" data-widget_type=\"spacer.default\">\n\t\t\t\t<div class=\"elementor-widget-container\">\n\t\t\t\t\t\t\t<div class=\"elementor-spacer\">\n\t\t\t<div class=\"elementor-spacer-inner\"><\/div>\n\t\t<\/div>\n\t\t\t\t\t\t<\/div>\n\t\t\t\t<\/div>\n\t\t\t\t<div class=\"elementor-element elementor-element-fd2e2a2 elementor-widget elementor-widget-image\" data-id=\"fd2e2a2\" data-element_type=\"widget\" data-e-type=\"widget\" data-widget_type=\"image.default\">\n\t\t\t\t<div class=\"elementor-widget-container\">\n\t\t\t\t\t\t\t\t\t\t\t\t\t\t\t<img decoding=\"async\" width=\"1024\" height=\"587\" src=\"http:\/\/finepro.rs\/wp-content\/uploads\/2015\/04\/featured-property-webp-1-1024x587.webp\" class=\"attachment-large size-large wp-image-40002\" alt=\"\" srcset=\"http:\/\/finepro.rs\/wp-content\/uploads\/2015\/04\/featured-property-webp-1-1024x587.webp 1024w, http:\/\/finepro.rs\/wp-content\/uploads\/2015\/04\/featured-property-webp-1-300x172.webp 300w, http:\/\/finepro.rs\/wp-content\/uploads\/2015\/04\/featured-property-webp-1-768x440.webp 768w, http:\/\/finepro.rs\/wp-content\/uploads\/2015\/04\/featured-property-webp-1-1536x880.webp 1536w, http:\/\/finepro.rs\/wp-content\/uploads\/2015\/04\/featured-property-webp-1-143x83.webp 143w, http:\/\/finepro.rs\/wp-content\/uploads\/2015\/04\/featured-property-webp-1.webp 1920w\" sizes=\"(max-width: 1024px) 100vw, 1024px\" \/>\t\t\t\t\t\t\t\t\t\t\t\t\t\t\t<\/div>\n\t\t\t\t<\/div>\n\t\t\t\t<div class=\"elementor-element elementor-element-e3647b8 elementor-widget elementor-widget-image\" data-id=\"e3647b8\" data-element_type=\"widget\" data-e-type=\"widget\" data-widget_type=\"image.default\">\n\t\t\t\t<div class=\"elementor-widget-container\">\n\t\t\t\t\t\t\t\t\t\t\t\t\t\t\t<img decoding=\"async\" width=\"600\" height=\"472\" src=\"http:\/\/finepro.rs\/wp-content\/uploads\/2015\/04\/category-webp-1.webp\" class=\"attachment-large size-large wp-image-39992\" alt=\"\" srcset=\"http:\/\/finepro.rs\/wp-content\/uploads\/2015\/04\/category-webp-1.webp 600w, http:\/\/finepro.rs\/wp-content\/uploads\/2015\/04\/category-webp-1-300x236.webp 300w, http:\/\/finepro.rs\/wp-content\/uploads\/2015\/04\/category-webp-1-400x314.webp 400w\" sizes=\"(max-width: 600px) 100vw, 600px\" \/>\t\t\t\t\t\t\t\t\t\t\t\t\t\t\t<\/div>\n\t\t\t\t<\/div>\n\t\t<div class=\"elementor-element elementor-element-c13ce27 e-con-full e-flex e-con e-child\" data-id=\"c13ce27\" data-element_type=\"container\" data-e-type=\"container\">\n\t\t\t\t<\/div>\n\t\t\t\t<\/div>\n\t\t<div class=\"elementor-element elementor-element-49aa6f3 e-grid e-con-boxed e-con e-parent\" data-id=\"49aa6f3\" data-element_type=\"container\" data-e-type=\"container\">\n\t\t\t\t\t<div class=\"e-con-inner\">\n\t\t\t\t<div class=\"elementor-element elementor-element-3e5d671 elementor-widget elementor-widget-text-editor\" data-id=\"3e5d671\" data-element_type=\"widget\" data-e-type=\"widget\" data-widget_type=\"text-editor.default\">\n\t\t\t\t<div class=\"elementor-widget-container\">\n\t\t\t\t\t\t\t\t\t<h2>Opcija 1 &#8211; Upravljanje apartmanom &#8211; kompletna usluga za vlasnika<\/h2><p>Ovo je standardna praksa u oblasti nekretnina \u0161irom sveta<\/p><p><b>Vlasnik imovine prima stabilan prihod,\u00a0Finepro tim kao menad\u017eer radi sve ostalo:<\/b><\/p>\t\t\t\t\t\t\t\t<\/div>\n\t\t\t\t<\/div>\n\t\t<div class=\"elementor-element elementor-element-8a62620 e-con-full e-flex e-con e-child\" data-id=\"8a62620\" data-element_type=\"container\" data-e-type=\"container\">\n\t\t\t\t<div class=\"elementor-element elementor-element-e9fa015 elementor-widget elementor-widget-text-editor\" data-id=\"e9fa015\" data-element_type=\"widget\" data-e-type=\"widget\" data-widget_type=\"text-editor.default\">\n\t\t\t\t<div class=\"elementor-widget-container\">\n\t\t\t\t\t\t\t\t\t<ul><li>Ogla\u0161avanje preko Airbnb, Booking.com, VRBO, Facebook\/Instagram<\/li><li>Svakodnevna korekcija cene<\/li><li>Komunikacija sa gostima<\/li><li>Check in\/check out<\/li><li>Higijena i odr\u017eavanje<\/li><li>Zvani\u010dni ugovor<\/li><li>Redovni finansijski izve\u0161taji<\/li><\/ul>\t\t\t\t\t\t\t\t<\/div>\n\t\t\t\t<\/div>\n\t\t\t\t<\/div>\n\t\t<div class=\"elementor-element elementor-element-3c7646a e-con-full e-flex e-con e-child\" data-id=\"3c7646a\" data-element_type=\"container\" data-e-type=\"container\">\n\t\t\t\t<div class=\"elementor-element elementor-element-e0095fe elementor-widget elementor-widget-text-editor\" data-id=\"e0095fe\" data-element_type=\"widget\" data-e-type=\"widget\" data-widget_type=\"text-editor.default\">\n\t\t\t\t<div class=\"elementor-widget-container\">\n\t\t\t\t\t\t\t\t\t<h2>Opcija 2 &#8211; Upravljanje ogla\u0161avanjem &#8211; samo onlajn<\/h2><p>Ukoliko volite sami da primate goste i spremate apartman<\/p><p><b>Na\u0161e je da Vam \u0161aljemo \u0161to vi\u0161e gostiju:<\/b><\/p>\t\t\t\t\t\t\t\t<\/div>\n\t\t\t\t<\/div>\n\t\t\t\t<\/div>\n\t\t\t\t<div class=\"elementor-element elementor-element-1253256 elementor-widget elementor-widget-text-editor\" data-id=\"1253256\" data-element_type=\"widget\" data-e-type=\"widget\" data-widget_type=\"text-editor.default\">\n\t\t\t\t<div class=\"elementor-widget-container\">\n\t\t\t\t\t\t\t\t\t<ul><li>Ogla\u0161avanje preko Airbnb, Booking.com, VRBO, Facebook-Instagram<\/li><li>Svakodnevna korekcija cene<\/li><li>Komunikacija sa gostima (pre sale)<\/li><\/ul>\t\t\t\t\t\t\t\t<\/div>\n\t\t\t\t<\/div>\n\t\t\t\t\t<\/div>\n\t\t\t\t<\/div>\n\t\t<div class=\"elementor-element elementor-element-d3995b7 e-flex e-con-boxed e-con e-parent\" data-id=\"d3995b7\" data-element_type=\"container\" data-e-type=\"container\">\n\t\t\t\t\t<div class=\"e-con-inner\">\n\t\t<div class=\"elementor-element elementor-element-5135b11 e-con-full e-flex e-con e-child\" data-id=\"5135b11\" data-element_type=\"container\" data-e-type=\"container\">\n\t\t\t\t<div class=\"elementor-element elementor-element-29c3f3e elementor-view-default elementor-widget elementor-widget-icon\" data-id=\"29c3f3e\" data-element_type=\"widget\" data-e-type=\"widget\" data-widget_type=\"icon.default\">\n\t\t\t\t<div class=\"elementor-widget-container\">\n\t\t\t\t\t\t\t<div class=\"elementor-icon-wrapper\">\n\t\t\t<div class=\"elementor-icon\">\n\t\t\t<svg aria-hidden=\"true\" class=\"e-font-icon-svg e-far-check-circle\" viewBox=\"0 0 512 512\" xmlns=\"http:\/\/www.w3.org\/2000\/svg\"><path d=\"M256 8C119.033 8 8 119.033 8 256s111.033 248 248 248 248-111.033 248-248S392.967 8 256 8zm0 48c110.532 0 200 89.451 200 200 0 110.532-89.451 200-200 200-110.532 0-200-89.451-200-200 0-110.532 89.451-200 200-200m140.204 130.267l-22.536-22.718c-4.667-4.705-12.265-4.736-16.97-.068L215.346 303.697l-59.792-60.277c-4.667-4.705-12.265-4.736-16.97-.069l-22.719 22.536c-4.705 4.667-4.736 12.265-.068 16.971l90.781 91.516c4.667 4.705 12.265 4.736 16.97.068l172.589-171.204c4.704-4.668 4.734-12.266.067-16.971z\"><\/path><\/svg>\t\t\t<\/div>\n\t\t<\/div>\n\t\t\t\t\t\t<\/div>\n\t\t\t\t<\/div>\n\t\t\t\t<div class=\"elementor-element elementor-element-a734d52 elementor-widget elementor-widget-text-editor\" data-id=\"a734d52\" data-element_type=\"widget\" data-e-type=\"widget\" data-widget_type=\"text-editor.default\">\n\t\t\t\t<div class=\"elementor-widget-container\">\n\t\t\t\t\t\t\t\t\t<p>Lider na Srpskom tr\u017ei\u0161tu od 2016.<\/p>\t\t\t\t\t\t\t\t<\/div>\n\t\t\t\t<\/div>\n\t\t\t\t<\/div>\n\t\t<div class=\"elementor-element elementor-element-d5bcb0a e-con-full e-flex e-con e-child\" data-id=\"d5bcb0a\" data-element_type=\"container\" data-e-type=\"container\">\n\t\t\t\t<div class=\"elementor-element elementor-element-872436d elementor-view-default elementor-widget elementor-widget-icon\" data-id=\"872436d\" data-element_type=\"widget\" data-e-type=\"widget\" data-widget_type=\"icon.default\">\n\t\t\t\t<div class=\"elementor-widget-container\">\n\t\t\t\t\t\t\t<div class=\"elementor-icon-wrapper\">\n\t\t\t<div class=\"elementor-icon\">\n\t\t\t<svg aria-hidden=\"true\" class=\"e-font-icon-svg e-fas-thumbs-up\" viewBox=\"0 0 512 512\" xmlns=\"http:\/\/www.w3.org\/2000\/svg\"><path d=\"M104 224H24c-13.255 0-24 10.745-24 24v240c0 13.255 10.745 24 24 24h80c13.255 0 24-10.745 24-24V248c0-13.255-10.745-24-24-24zM64 472c-13.255 0-24-10.745-24-24s10.745-24 24-24 24 10.745 24 24-10.745 24-24 24zM384 81.452c0 42.416-25.97 66.208-33.277 94.548h101.723c33.397 0 59.397 27.746 59.553 58.098.084 17.938-7.546 37.249-19.439 49.197l-.11.11c9.836 23.337 8.237 56.037-9.308 79.469 8.681 25.895-.069 57.704-16.382 74.757 4.298 17.598 2.244 32.575-6.148 44.632C440.202 511.587 389.616 512 346.839 512l-2.845-.001c-48.287-.017-87.806-17.598-119.56-31.725-15.957-7.099-36.821-15.887-52.651-16.178-6.54-.12-11.783-5.457-11.783-11.998v-213.77c0-3.2 1.282-6.271 3.558-8.521 39.614-39.144 56.648-80.587 89.117-113.111 14.804-14.832 20.188-37.236 25.393-58.902C282.515 39.293 291.817 0 312 0c24 0 72 8 72 81.452z\"><\/path><\/svg>\t\t\t<\/div>\n\t\t<\/div>\n\t\t\t\t\t\t<\/div>\n\t\t\t\t<\/div>\n\t\t\t\t<div class=\"elementor-element elementor-element-c99977b elementor-widget elementor-widget-text-editor\" data-id=\"c99977b\" data-element_type=\"widget\" data-e-type=\"widget\" data-widget_type=\"text-editor.default\">\n\t\t\t\t<div class=\"elementor-widget-container\">\n\t\t\t\t\t\t\t\t\t<p>17.000+ zadovoljnih gostiju samo u 2024.<\/p>\t\t\t\t\t\t\t\t<\/div>\n\t\t\t\t<\/div>\n\t\t\t\t<\/div>\n\t\t<div class=\"elementor-element elementor-element-3f706d7 e-con-full e-flex e-con e-child\" data-id=\"3f706d7\" data-element_type=\"container\" data-e-type=\"container\">\n\t\t\t\t<div class=\"elementor-element elementor-element-be59687 elementor-view-default elementor-widget elementor-widget-icon\" data-id=\"be59687\" data-element_type=\"widget\" data-e-type=\"widget\" data-widget_type=\"icon.default\">\n\t\t\t\t<div class=\"elementor-widget-container\">\n\t\t\t\t\t\t\t<div class=\"elementor-icon-wrapper\">\n\t\t\t<div class=\"elementor-icon\">\n\t\t\t<svg aria-hidden=\"true\" class=\"e-font-icon-svg e-fas-house-user\" viewBox=\"0 0 576 512\" xmlns=\"http:\/\/www.w3.org\/2000\/svg\"><path d=\"M570.69,236.27,512,184.44V48a16,16,0,0,0-16-16H432a16,16,0,0,0-16,16V99.67L314.78,10.3C308.5,4.61,296.53,0,288,0s-20.46,4.61-26.74,10.3l-256,226A18.27,18.27,0,0,0,0,248.2a18.64,18.64,0,0,0,4.09,10.71L25.5,282.7a21.14,21.14,0,0,0,12,5.3,21.67,21.67,0,0,0,10.69-4.11l15.9-14V480a32,32,0,0,0,32,32H480a32,32,0,0,0,32-32V269.88l15.91,14A21.94,21.94,0,0,0,538.63,288a20.89,20.89,0,0,0,11.87-5.31l21.41-23.81A21.64,21.64,0,0,0,576,248.19,21,21,0,0,0,570.69,236.27ZM288,176a64,64,0,1,1-64,64A64,64,0,0,1,288,176ZM400,448H176a16,16,0,0,1-16-16,96,96,0,0,1,96-96h64a96,96,0,0,1,96,96A16,16,0,0,1,400,448Z\"><\/path><\/svg>\t\t\t<\/div>\n\t\t<\/div>\n\t\t\t\t\t\t<\/div>\n\t\t\t\t<\/div>\n\t\t\t\t<div class=\"elementor-element elementor-element-c35f19f elementor-widget elementor-widget-text-editor\" data-id=\"c35f19f\" data-element_type=\"widget\" data-e-type=\"widget\" data-widget_type=\"text-editor.default\">\n\t\t\t\t<div class=\"elementor-widget-container\">\n\t\t\t\t\t\t\t\t\t<p>Desetine vlasnika koji su nam poverili svoje stanove<\/p>\t\t\t\t\t\t\t\t<\/div>\n\t\t\t\t<\/div>\n\t\t\t\t<\/div>\n\t\t\t\t\t<\/div>\n\t\t\t\t<\/div>\n\t\t<div class=\"elementor-element elementor-element-a3a188a e-flex e-con-boxed e-con e-parent\" data-id=\"a3a188a\" data-element_type=\"container\" data-e-type=\"container\">\n\t\t\t\t\t<div class=\"e-con-inner\">\n\t\t<div class=\"elementor-element elementor-element-1b4513e e-con-full e-flex e-con e-child\" data-id=\"1b4513e\" data-element_type=\"container\" data-e-type=\"container\">\n\t\t\t\t<\/div>\n\t\t<div class=\"elementor-element elementor-element-3a855f0 e-con-full e-flex e-con e-child\" data-id=\"3a855f0\" data-element_type=\"container\" data-e-type=\"container\">\n\t\t\t\t<div class=\"elementor-element elementor-element-193cb87 elementor-widget elementor-widget-text-editor\" data-id=\"193cb87\" data-element_type=\"widget\" data-e-type=\"widget\" data-widget_type=\"text-editor.default\">\n\t\t\t\t<div class=\"elementor-widget-container\">\n\t\t\t\t\t\t\t\t\t<p>Pozovite da se dogovorimo oko detalja<\/p><p><strong>069 226 9909<\/strong><\/p><p>(Telefon, WhatsApp)<\/p>\t\t\t\t\t\t\t\t<\/div>\n\t\t\t\t<\/div>\n\t\t\t\t<div class=\"elementor-element elementor-element-23530dd elementor-widget elementor-widget-image\" data-id=\"23530dd\" data-element_type=\"widget\" data-e-type=\"widget\" data-widget_type=\"image.default\">\n\t\t\t\t<div class=\"elementor-widget-container\">\n\t\t\t\t\t\t\t\t\t\t\t\t\t\t\t<img fetchpriority=\"high\" decoding=\"async\" width=\"300\" height=\"300\" src=\"http:\/\/finepro.rs\/wp-content\/uploads\/2025\/03\/no_padding-300x300.png\" class=\"attachment-medium size-medium wp-image-40194\" alt=\"\" srcset=\"http:\/\/finepro.rs\/wp-content\/uploads\/2025\/03\/no_padding-300x300.png 300w, http:\/\/finepro.rs\/wp-content\/uploads\/2025\/03\/no_padding-1024x1024.png 1024w, http:\/\/finepro.rs\/wp-content\/uploads\/2025\/03\/no_padding-150x150.png 150w, http:\/\/finepro.rs\/wp-content\/uploads\/2025\/03\/no_padding-768x768.png 768w, http:\/\/finepro.rs\/wp-content\/uploads\/2025\/03\/no_padding-1536x1536.png 1536w, http:\/\/finepro.rs\/wp-content\/uploads\/2025\/03\/no_padding-2048x2048.png 2048w, http:\/\/finepro.rs\/wp-content\/uploads\/2025\/03\/no_padding-60x60.png 60w\" sizes=\"(max-width: 300px) 100vw, 300px\" \/>\t\t\t\t\t\t\t\t\t\t\t\t\t\t\t<\/div>\n\t\t\t\t<\/div>\n\t\t\t\t<\/div>\n\t\t<div class=\"elementor-element elementor-element-2434360 e-con-full e-flex e-con e-child\" data-id=\"2434360\" data-element_type=\"container\" data-e-type=\"container\">\n\t\t\t\t<\/div>\n\t\t\t\t\t<\/div>\n\t\t\t\t<\/div>\n\t\t\t\t<\/div>\n\t\t","protected":false},"excerpt":{"rendered":"<p>Upravljanje apartmanima Airbnb Booking.com VRBO BeogradNovi SadBudimpe\u0161ta (&#8220;stan na dan&#8221; za turiste) Zapo\u010dnite saradnju sa Finepro Group timom \u2013 operaterom poznatog lanca apartmana FilinHome | Suites &amp; Rooms Od 2016. upravljamo desetinama nekretnina u Srbiji i Ma\u0111arskoj Zatra\u017eite personalizovanu procenu Va\u0161eg prihoda porukom na info@finepro.rs ili nas pozovite +381 69 226 9909 (Telefon, WhatsApp) Opcija &#8230;<\/p>\n","protected":false},"author":1,"featured_media":0,"parent":0,"menu_order":0,"comment_status":"closed","ping_status":"closed","template":"elementor_header_footer","meta":{"inline_featured_image":false,"_monsterinsights_skip_tracking":false,"_monsterinsights_sitenote_active":false,"_monsterinsights_sitenote_note":"","_monsterinsights_sitenote_category":0,"footnotes":""},"class_list":["post-40198","page","type-page","status-publish","hentry"],"aioseo_notices":[],"_links":{"self":[{"href":"https:\/\/finepro.rs\/index.php?rest_route=\/wp\/v2\/pages\/40198","targetHints":{"allow":["GET"]}}],"collection":[{"href":"https:\/\/finepro.rs\/index.php?rest_route=\/wp\/v2\/pages"}],"about":[{"href":"https:\/\/finepro.rs\/index.php?rest_route=\/wp\/v2\/types\/page"}],"author":[{"embeddable":true,"href":"https:\/\/finepro.rs\/index.php?rest_route=\/wp\/v2\/users\/1"}],"replies":[{"embeddable":true,"href":"https:\/\/finepro.rs\/index.php?rest_route=%2Fwp%2Fv2%2Fcomments&post=40198"}],"version-history":[{"count":130,"href":"https:\/\/finepro.rs\/index.php?rest_route=\/wp\/v2\/pages\/40198\/revisions"}],"predecessor-version":[{"id":40341,"href":"https:\/\/finepro.rs\/index.php?rest_route=\/wp\/v2\/pages\/40198\/revisions\/40341"}],"wp:attachment":[{"href":"https:\/\/finepro.rs\/index.php?rest_route=%2Fwp%2Fv2%2Fmedia&parent=40198"}],"curies":[{"name":"wp","href":"https:\/\/api.w.org\/{rel}","templated":true}]}}